{"id":4596,"date":"2021-11-11T16:40:37","date_gmt":"2021-11-11T16:40:37","guid":{"rendered":"https:\/\/germany.ul.com\/?page_id=4596"},"modified":"2025-03-13T16:29:31","modified_gmt":"2025-03-13T21:29:31","slug":"whyul","status":"publish","type":"page","link":"https:\/\/germany.ul.com\/en\/whyul\/","title":{"rendered":"L\u00f6sen Sie Ihre schwierigsten Herausforderungen mit UL"},"content":{"rendered":"<p>Sie m\u00f6chten Ihr Unternehmen als vertrauensw\u00fcrdig im Markt platzieren und sichere und nachhaltige L\u00f6sungen f\u00fcr den globalen Markt bereitstellen? Als Partner von UL erhalten Sie das Fachwissen und die L\u00f6sungen, die Sie ben\u00f6tigen, um in einer komplexen, sich stetig ver\u00e4ndernden Welt erfolgreich zu sein.<\/p>\n<p><img loading=\"lazy\" decoding=\"async\" class=\"aligncenter wp-image-33089\" src=\"https:\/\/india.ulstage.com\/wp-content\/uploads\/sites\/35\/2021\/11\/Businessman-businesswoman-talking-modern-factory-hall-Shutterstock-ID-1900077586_1253x454.jpg\" alt=\"Gesch\u00e4ftsmann und Gesch\u00e4ftsfrau, die in einer modernen Fabrikhalle sprechen\" width=\"650\" height=\"236\" \/><\/p>\n<h2>Warum UL?<\/h2>\n<p>UL ist im Bereich der Sicherheitswissenschaften weltweit f\u00fchrend. Unsere Wissenschaftler, Ingenieure und Branchenexperten helfen Ihnen, Risiken zu \u00fcberwinden und Ihr Potenzial zu erschlie\u00dfen. Wir unterst\u00fctzen Sie durch unsere wissenschaftliche Expertise und Probleml\u00f6sungskompetenz beim Erreichen Ihrer Sicherheits- und Nachhaltigkeitsziele. Damit erm\u00f6glichen wir eine sichere Entscheidungsfindung und Innovationen, die f\u00fcr das Wohlergehen von Unternehmen und Menschen weltweit notwendig sind.<\/p>\n<div data-align-height=\"h5\">\n<div class=\"row\" data-align-height=\".featured\">\n<div class=\"col-xs-12 col-sm-4\">\n<div class=\"featured\">\n<p><img loading=\"lazy\" decoding=\"async\" class=\"img-responsive banner wp-post-image alignnone\" src=\"https:\/\/india.ulstage.com\/wp-content\/uploads\/sites\/35\/2021\/11\/Market_Access_01_shutterstock_1259736487_600x296.jpg\" sizes=\"auto, (max-width: 300px) 100vw, 300px\" srcset=\"https:\/\/india.ulstage.com\/wp-content\/uploads\/sites\/35\/2021\/11\/Market_Access_01_shutterstock_1259736487_600x296.jpg 300w, https:\/\/india.ulstage.com\/wp-content\/uploads\/sites\/35\/2021\/11\/Market_Access_01_shutterstock_1259736487_600x296.jpg 220w\" alt=\"Ship with cargo traveling through a canal\" width=\"300\" height=\"148\" \/><\/p>\n<h5>Erschlie\u00dfen neuer M\u00e4rkte<\/h5>\n<p>Erhalten Sie Zugang zu globalen M\u00e4rkten und beschleuigen Sie die Markteinf\u00fchrung Ihrer Produkte, w\u00e4hrend Sie den Ruf Ihrer Marke sch\u00fctzen<\/p>\n<\/div>\n<\/div>\n<div class=\"col-xs-12 col-sm-4\">\n<div class=\"featured\">\n<p><img decoding=\"async\" class=\"img-responsive banner wp-post-image\" src=\"https:\/\/india.ulstage.com\/wp-content\/uploads\/sites\/35\/2021\/11\/Market_Access_02_shutterstock_1084563029_600x296.jpg\" sizes=\"(max-width: 300px) 100vw, 300px\" srcset=\"https:\/\/india.ulstage.com\/wp-content\/uploads\/sites\/35\/2021\/11\/Market_Access_02_shutterstock_1084563029_600x296.jpg 300w, https:\/\/india.ulstage.com\/wp-content\/uploads\/sites\/35\/2021\/11\/Market_Access_02_shutterstock_1084563029_220x109.jpg\" alt=\"Workers discussing plans in front of blue cargo containers\" \/><\/p>\n<h5>Bew\u00e4ltigen komplexer Herausforderungen<\/h5>\n<p>Antizipieren und l\u00f6sen Sie komplexeste Herausforderungen und vereinfachen Sie gleichzeitig Komponenten- und Produkt-\u00d6kosysteme<\/p>\n<\/div>\n<\/div>\n<div class=\"col-xs-12 col-sm-4\">\n<div class=\"featured\">\n<p><img decoding=\"async\" class=\"img-responsive banner wp-post-image\" src=\"https:\/\/india.ulstage.com\/wp-content\/uploads\/sites\/35\/2021\/11\/Connectivity_01_shutterstock_772366168_600x296.jpg\" sizes=\"(max-width: 300px) 100vw, 300px\" srcset=\"https:\/\/india.ulstage.com\/wp-content\/uploads\/sites\/35\/2021\/11\/Connectivity_01_shutterstock_772366168_600x296.jpg 300w, https:\/\/india.ulstage.com\/wp-content\/uploads\/sites\/35\/2021\/11\/Connectivity_01_shutterstock_772366168_220x109.jpg 220w\" alt=\"Overhead view of busy highway\" \/><\/p>\n<h5>Optimieren von Lieferketten<\/h5>\n<p>Verbessern Sie die Sicherheit, Nachhaltigkeit und Transparenz \u00fcber die gesamte Lieferkette<\/p>\n<\/div>\n<\/div>\n<\/div>\n<\/div>\n<h2>UL schafft Vertrauen<\/h2>\n<p>Lernen Sie wie UL f\u00fcr Sie Vertrauen schafft<\/p>\n<div>\n<script src=\"https:\/\/fast.wistia.com\/embed\/medias\/n7tm82kjc4.jsonp\" async><\/script><script src=\"https:\/\/fast.wistia.com\/assets\/external\/E-v1.js\" async><\/script>\r\n            \r\n            <div class=\"wistia_responsive_padding\" style=\"padding: 56.25% 0 0 0; position: relative;\">\r\n            <div class=\"wistia_responsive_wrapper\" style=\"height: 100%; left: 0; position: absolute; top: 0; width: 100%;\">\r\n            <div class=\"wistia_embed wistia_async_n7tm82kjc4 videoFoam=true\" style=\"height: 100%; position: relative; width: 100%;\">\r\n            <div class=\"wistia_swatch\" style=\"height: 100%; left: 0; opacity: 0; overflow: hidden; position: absolute; top: 0; transition: opacity 200ms; width: 100%;\"><img decoding=\"async\" style=\"filter: blur(5px); height: 100%; object-fit: contain; width: 100%;\" src=\"https:\/\/fast.wistia.com\/embed\/medias\/n7tm82kjc4\/swatch\" alt=\"\" \/>\r\n            <\/div>\r\n            <\/div>\r\n            <\/div>\r\n            <\/div>\r\n            \n<h2>Herausforderungen \u00fcberwinden<\/h2>\n<p>Erfahren Sie, wie Unternehmen sich ver\u00e4ndernde gesch\u00e4ftliche Herausforderungen meistern, Komplexit\u00e4t reduzieren, neue M\u00e4rkte erschlie\u00dfen und gleichzeitig Sicherheit und Nachhaltigkeit unter Beweis stellen.<\/p>\n<div data-align-height=\"h5\">\n<div class=\"row\" data-align-height=\".featured\">\n<div class=\"col-xs-12 col-sm-6\">\n<h3>Sichere Produkte f\u00fcr eine Vielzahl von M\u00e4rkten<\/h3>\n<p>Erfahren Sie, wie das CB-Programm Unternehmen hilft, eine Vielzahl internationaler Zertifizierungen von einer einzigen, autorisierten Pr\u00fcfstelle zu erhalten.<\/p>\n<div class=\"featured-footer\"><a href=\"https:\/\/ul-certification.com\/downloads\/CB-Scheme-Brochure-LR_259.01.0121.EN.EPT.pdf\" target=\"_blank\" rel=\"noopener\"><button class=\"btn btn-primary btn-block\" type=\"button\">Download Brosch\u00fcre (in englischer Sprache)<\/button><\/a><\/div>\n<\/div>\n<div class=\"col-xs-12 col-sm-6\">&nbsp;<img decoding=\"async\" class=\"img-responsive banner wp-post-image\" src=\"https:\/\/india.ulstage.com\/wp-content\/uploads\/sites\/35\/2021\/11\/GettyImages-1287551753_620x355.jpg\" sizes=\"(max-width: 300px) 100vw, 300px\" srcset=\"https:\/\/india.ulstage.com\/wp-content\/uploads\/sites\/35\/2021\/11\/GettyImages-1287551753_300x172.jpg 300w, https:\/\/india.ulstage.com\/wp-content\/uploads\/sites\/35\/2021\/11\/GettyImages-1287551753_620x355.jpg 620w, https:\/\/india.ulstage.com\/wp-content\/uploads\/sites\/35\/2021\/11\/GettyImages-1287551753_220x126.jpg 220w\" alt=\"New cars lined up at Industrial factory Port\" \/><\/div>\n<\/div>\n<\/div>\n<\/div>\n","protected":false},"excerpt":{"rendered":"<p>Sie m\u00f6chten Ihr Unternehmen als vertrauensw\u00fcrdig im Markt platzieren und sichere und nachhaltige L\u00f6sungen f\u00fcr den globalen Markt bereitstellen? Als Partner von UL erhalten Sie das Fachwissen und die L\u00f6sungen, die Sie ben\u00f6tigen, um in einer komplexen, sich stetig ver\u00e4ndernden Welt erfolgreich zu sein. Warum UL? UL ist im Bereich der Sicherheitswissenschaften weltweit f\u00fchrend. Unsere [&hellip;]<\/p>\n","protected":false},"author":478,"featured_media":0,"parent":0,"menu_order":15,"comment_status":"closed","ping_status":"closed","template":"","meta":{"_acf_changed":false,"inline_featured_image":false,"footnotes":""},"class_list":["post-4596","page","type-page","status-publish","hentry"],"acf":[],"_links":{"self":[{"href":"https:\/\/germany.ul.com\/en\/wp-json\/wp\/v2\/pages\/4596","targetHints":{"allow":["GET"]}}],"collection":[{"href":"https:\/\/germany.ul.com\/en\/wp-json\/wp\/v2\/pages"}],"about":[{"href":"https:\/\/germany.ul.com\/en\/wp-json\/wp\/v2\/types\/page"}],"author":[{"embeddable":true,"href":"https:\/\/germany.ul.com\/en\/wp-json\/wp\/v2\/users\/478"}],"replies":[{"embeddable":true,"href":"https:\/\/germany.ul.com\/en\/wp-json\/wp\/v2\/comments?post=4596"}],"version-history":[{"count":1,"href":"https:\/\/germany.ul.com\/en\/wp-json\/wp\/v2\/pages\/4596\/revisions"}],"predecessor-version":[{"id":5463,"href":"https:\/\/germany.ul.com\/en\/wp-json\/wp\/v2\/pages\/4596\/revisions\/5463"}],"wp:attachment":[{"href":"https:\/\/germany.ul.com\/en\/wp-json\/wp\/v2\/media?parent=4596"}],"curies":[{"name":"wp","href":"https:\/\/api.w.org\/{rel}","templated":true}]}}