{"id":2120,"date":"2016-04-18T13:24:15","date_gmt":"2016-04-18T13:24:15","guid":{"rendered":"http:\/\/germany.ul.com\/?page_id=2120"},"modified":"2016-04-21T13:25:36","modified_gmt":"2016-04-21T13:25:36","slug":"ul-forschungsprojekt-zur-ermittlung-der-emissionen-von-3d-druckern","status":"publish","type":"page","link":"https:\/\/germany.ul.com\/en\/hannover-messe-2016\/blog\/ul-forschungsprojekt-zur-ermittlung-der-emissionen-von-3d-druckern\/","title":{"rendered":"UL Forschungsprojekt zur Ermittlung der Emissionen von 3D-Druckern"},"content":{"rendered":"<p>Das Interesse an additiver Fertigung, die manchmal auch als 3D-Druck bezeichnet wird, hat explosionsartig zugenommen. Zwar wurde diese Technologie bereits in den 1980er Jahren entwickelt, aber die j\u00fcngst erfolgte Entwicklung kleinerer 3D-Drucker f\u00fcr Privatanwender und kleine Unternehmen hat zu einem deutlichen Anstieg der Verwendung solcher Ger\u00e4te in Bildungseinrichtungen, bei Privatanwendern und in Unternehmen gef\u00fchrt.<\/p>\n<p>Die additive Fertigung unterscheidet sich von den weit verbreiteten Spritzgie\u00dfverfahren, bei denen \u00fcblicherweise ein geschmolzenes Kunststoffharz mit hohem Druck in eine Metallgussform gespritzt wird. Beim 3D-Druck werden Gegenst\u00e4nde und Teile hingegen mit einer Maschine hergestellt, die Kunstharz oder anderen Materialien ausgehend von einem digitalen Entwurf \u201edruckt\u201c. Die Maschinen unterscheiden sich hinsichtlich des jeweiligen Auftragsverfahrens, aber allen Verfahren ist gemein, dass ein Objekt in Schichten aufgebaut wird, die dadurch entstehen, dass geschmolzenes Kunststoffharz oder ein andere Substanz in aufeinander folgenden Schichten aufgetragen wird.<\/p>\n<p>3D-Drucker und andere, gr\u00f6\u00dfere Maschinen f\u00fcr die additive Fertigung zeichnen sich durch die gleichen und bekannten elektrischen und mechanischen Sicherheitsrisiken aus, die andere \u00e4hnlich gro\u00dfe Maschinen aufweisen. Bisher ist aber noch nicht bekannt, welche Arten und Mengen von Chemikalien und Feinpartikeln bei der Arbeit dieser Maschinen in die Luft freigesetzt werden und folglich, welche Auswirkungen diese Nebenprodukte des Druckvorgangs auf die menschliche Gesundheit haben. Der verst\u00e4rkte Einsatz von 3D-Druckmaschinen, insbesondere in Haushalten und Schulen, in denen Kinder ihnen ausgesetzt sind, macht die Antwort auf diese Fragen unverzichtbar.<\/p>\n<p>Um diese Bedenken hinsichtlich der chemischen Sicherheit auszur\u00e4umen, f\u00fchrt UL ein Forschungsprojekt zur Charakterisierung der Chemikalien- und Partikelemissionen im Zusammenhang mit verschiedenen 3D-Drucktechnologien und -materialien durch. Diese Emissionen werden auch mittels Bioproben untersucht, um ihre potentielle Toxizit\u00e4t f\u00fcr den Menschen zu beurteilen. Die vollst\u00e4ndigen Daten werden verwendet, um die Risiken akuter und chronischer Krankheiten zu beurteilen.<\/p>\n<p>Das Forschungsprojekt wird von UL zusammen mit Atmosph\u00e4renchemikern und Experten f\u00fcr \u00f6ffentliche Gesundheit des Georgia Institute of Technology und der Emory School of Public Health durchgef\u00fchrt. Ein internationaler technischer Beratungsausschuss pr\u00fcft zudem Testpl\u00e4ne und Daten und leistet Beitr\u00e4ge zur technischen Entwicklung von Testmethoden. Das National Institute of Occupational Safety and Health (NIOSH), das in dem Ausschuss vertreten ist, hat ein besonderes Interesse an der Ver\u00f6ffentlichung von Daten zu Asthmagenen. Dies sind Substanzen, die Asthma, eine Erkrankung der Atemwege, verursachen oder verschlimmern k\u00f6nnen. Dieses Forschungsprojekt wird zur Entwicklung exakter Messmethoden und Belastungsmodelle f\u00fchren, mit denen die Emissionen verschiedener Drucker und ihre Risiken beurteilt werden k\u00f6nnen. Es wird Leitlinien f\u00fcr k\u00fcnftige Auswertungen von 3D-Drucktechnologien aus der Perspektive der menschlichen Gesundheit definieren, und au\u00dferdem Hilfe bei Produktentwicklung und Materialauswahl leisten.<\/p>\n<p>Nach Abschluss der Forschungsarbeiten plant UL, die Ergebnisse der Emissionsstudie f\u00fcr 3D-Drucker in Wissenschaftszeitschriften mit Drittbegutachtung zu ver\u00f6ffentlichen und die Feststellungen auf einer Technologie-Konferenz zu pr\u00e4sentieren. Mit diesem Forschungsprojekt will UL die Bedeutung eines erweiterten und umfassenderen Verst\u00e4ndnisses von Sicherheit verdeutlichen. In einem solchen Verst\u00e4ndnis verschmilzt der traditionelle Fokus auf Elektro-, Entflammbarkeits- und Mechanikrisiken mit den Chemikalien- und Partikelrisiken, die die menschliche Gesundheit sch\u00e4digen k\u00f6nnten.<\/p>\n<p>Um mit den Experten von UL auf der <strong>HANNOVER MESSE 2016<\/strong> \u00fcber additive Fertigung, 3D-Druck und damit verbundene Themen zu sprechen, besuchen Sie uns bitte bei <strong>Industrial Automation<\/strong> in <strong>Halle 9\/Stand H79<\/strong>, oder in der <strong>Digital Factory<\/strong> von <strong>Halle 6\/Stand K01<\/strong>.<\/p>\n","protected":false},"excerpt":{"rendered":"<p>https:\/\/www.ulstage.com\/wp-content\/themes\/countries\/img\/hannover-messe\/blog\/blogpost-06.jpg<\/p>\n","protected":false},"author":328,"featured_media":0,"parent":2003,"menu_order":0,"comment_status":"open","ping_status":"open","template":"page-hanmesse-blogpost-de.php","meta":{"_acf_changed":false,"inline_featured_image":false,"footnotes":""},"class_list":["post-2120","page","type-page","status-publish","hentry"],"acf":[],"_links":{"self":[{"href":"https:\/\/germany.ul.com\/en\/wp-json\/wp\/v2\/pages\/2120","targetHints":{"allow":["GET"]}}],"collection":[{"href":"https:\/\/germany.ul.com\/en\/wp-json\/wp\/v2\/pages"}],"about":[{"href":"https:\/\/germany.ul.com\/en\/wp-json\/wp\/v2\/types\/page"}],"author":[{"embeddable":true,"href":"https:\/\/germany.ul.com\/en\/wp-json\/wp\/v2\/users\/328"}],"replies":[{"embeddable":true,"href":"https:\/\/germany.ul.com\/en\/wp-json\/wp\/v2\/comments?post=2120"}],"version-history":[{"count":0,"href":"https:\/\/germany.ul.com\/en\/wp-json\/wp\/v2\/pages\/2120\/revisions"}],"up":[{"embeddable":true,"href":"https:\/\/germany.ul.com\/en\/wp-json\/wp\/v2\/pages\/2003"}],"wp:attachment":[{"href":"https:\/\/germany.ul.com\/en\/wp-json\/wp\/v2\/media?parent=2120"}],"curies":[{"name":"wp","href":"https:\/\/api.w.org\/{rel}","templated":true}]}}