{"id":2065,"date":"2016-04-08T12:00:38","date_gmt":"2016-04-08T12:00:38","guid":{"rendered":"http:\/\/germany.ul.com\/?page_id=2065"},"modified":"2016-04-19T20:19:41","modified_gmt":"2016-04-19T20:19:41","slug":"ul-und-batterien-gros-oder-klein","status":"publish","type":"page","link":"https:\/\/germany.ul.com\/en\/hannover-messe-2016\/blog\/ul-und-batterien-gros-oder-klein\/","title":{"rendered":"UL und Batterien \u2013 gro\u00df oder klein"},"content":{"rendered":"<p><strong>Batterien \u2013 Thema der seit Jahrzehnten laufenden Sicherheitsforschung bei UL \u2013 sind der Schl\u00fcssel zu einem modernen Lebensstil sowie zum heutigen Energieportfolio<\/strong><\/p>\n<p>Als entscheidender Bestandteil vieler moderner Helfer, von medizinischen Ger\u00e4ten bis zu Industriemaschinen, versorgen Batterien auch andere Elemente des modernen Lebens mit Energie. So auch kritische Elektroverteilsysteme.<\/p>\n<p>Heute stammen zwei Drittel der Stromerzeugung aus der Verbrennung fossiler Brennstoffe und ein zus\u00e4tzliches F\u00fcnftel aus der Kernenergie (Quelle: US Energy Information Administration). Doch die Umweltgefahren durch diese Technologien und das begrenzte Angebot an Brennstoffen daf\u00fcr haben zu der Erkenntnis gef\u00fchrt, dass die Stromerzeugung f\u00fcr das Stromnetz zunehmend auf nachhaltigen Energiequellen basieren muss.<\/p>\n<p>Die Ver\u00e4nderlichkeit der Natur bewirkt, dass diese nachhaltigen Methoden immer mit Schwankungen der Energieerzeugung verbunden sein werden und dass die Produktion kaum Bezug zum Strombedarf der Gesellschaft hat. Die Entwicklung besserer M\u00f6glichkeiten zur effizienten Nutzung von Wasser-, Solar- und Windenergie wird immer eine hohe Priorit\u00e4t haben, aber die Zuverl\u00e4ssigkeit der erneuerbaren Energien muss durch den verst\u00e4rkten Einsatz von Batterien und Speicherstrategien unterst\u00fctzt werden.<\/p>\n<p><strong>Batterien k\u00f6nnen bei nachhaltiger Energieversorgung unterst\u00fctzen<\/strong><\/p>\n<p>Batterien optimieren die Steuerung der Stromerzeugung aus nachhaltigen Energiequellen. Da die Nachfrage nach Energie und ihre Produktion im Laufe der Zeit stark und unabh\u00e4ngig voreinander schwanken, ist f\u00fcr den effizienten Betrieb des Stromnetzes eine ausreichende Stromversorgung aus nicht-prim\u00e4ren Quellen erforderlich, um den sich laufend ver\u00e4ndernden Bedarf zu decken.<\/p>\n<p>Energiespeicherung in Batterien dient in Solaranlagen zwei Zwecken. Durch die Speicherung von Energie k\u00f6nnen Batterien photovoltaische Zellen zu Spitzenlastzeiten erg\u00e4nzen und die Stromproduktion in der Nacht oder zu anderen Zeiten verst\u00e4rken, wenn kein Sonnenlicht vorhanden ist.<\/p>\n<p>Das gleiche gilt f\u00fcr die Windkraft. Batterien speichern \u00fcbersch\u00fcssige Energie, wenn der Wind stark, aber der Strombedarf gering ist, und stellen Sie tags\u00fcber zu Spitzenlastzeiten zur Verf\u00fcgung.<\/p>\n<p>Batterien sollten zudem im Katastrophenfall eine lebensrettende Rolle spielen, wenn die Stromzufuhr unterbrochen wird oder v\u00f6llig ausf\u00e4llt. Den Betreibern von Krankenh\u00e4usern ist dies schon seit langem bekannt und sie sichern ihre Einrichtungen mit ausreichender Leistung aus Batterien ab, die lebenserhaltende medizinische Ger\u00e4te im Falle eines Stromausfalls mit Strom versorgen.<\/p>\n<p><strong>Die Weiterentwicklung der Energiespeichertechnik ist ein Muss<\/strong><\/p>\n<p>Zurzeit ist die Lithium-Ionen-Technologie die vielf\u00e4ltigste und in vielerlei Hinsicht am meisten verwendete Technologie, die uns aus unseren elektronischen Ger\u00e4ten vertraut ist. Zusammen mit der Verbesserung der Lithium-Ionen-Technologie werden zurzeit Batterien mit unterschiedlichster Chemie, Konfiguration und Anpassung entwickelt.<\/p>\n<p>Die Kapazit\u00e4t und Effizienz der Batteriespeicherung muss sich noch weiter entwickeln, denn unser Wissen kann nicht mit den Zielen der Gesellschaft Schritt halten. Und wir wissen, dass die Entwicklung einer Technologie unbeabsichtigte Folgen haben und neue Sicherheitsrisiken schaffen kann, insbesondere dann, wenn diese Fortschritte voll in unseren Alltag integriert werden. Batterietechnologie unterscheidet sich in dieser Hinsicht von anderen in Nichts.<\/p>\n<p>Da sich die Technologien der Batteriespeicherung weiterentwickeln und bald schon M\u00f6glichkeiten (insbesondere als St\u00fctze der Entwicklung nachhaltiger Energien) bieten werden, die wir uns heute nur vorstellen k\u00f6nnen, muss ihre sichere und zuverl\u00e4ssige Nutzung immer ein zentraler Bestandteil dieses Fortschritts sein. Unabh\u00e4ngige Forschung und Pr\u00fcfung sind ein entscheidender Baustein, mit dem Hersteller Batterien sicher entwickeln und bauen k\u00f6nnen, die f\u00fcr den Einsatz in neuen Anwendungen tauglich sind.<\/p>\n<p><strong>Konzentration auf Lithium-Ionen-Technologien<\/strong><\/p>\n<p>Die Popularit\u00e4t von Lithium-Ionen-Batterien hat in den letzten Jahren zugenommen. Die oft als LiB bezeichneten Batterien sind wiederaufladbar und verf\u00fcgen \u00fcber eine h\u00f6here Speicherkapazit\u00e4t, sodass die Verbraucher tragbare Ger\u00e4te unterwegs benutzen k\u00f6nnen, ohne die Batterien laufend ersetzen oder aufladen zu m\u00fcssen. Im Allgemeinen sind Lithium-Ionen-Batterien sicher und nur etwa eine Batterie von 10 Millionen f\u00e4llt aus.<\/p>\n<p>Aber zusammen mit der Nachfrage nach LiB haben auch die Sicherheitsbedenken zugenommen, obwohl Vorf\u00e4lle weiterhin selten sind. <a href=\"http:\/\/www.cnet.com\/news\/why-are-hoverboards-exploding-and-catching-fire\/\">Aktuelle Nachrichten \u00fcber Hoverboards<\/a>, die Feuer gefangen haben, brachten die Frage der Sicherheit von Batterien wieder in den Fokus der \u00f6ffentlichen Aufmerksamkeit.<\/p>\n<p>Seit mehr als einem Jahrzehnt widmet UL ein ganzes Team der Erforschung der allgemeinen Fragen zur Sicherheit von LiB. Dieses Team soll Herstellern und der Industrie allgemein helfen, besser zu verstehen, wie sich die Anzahl der Vorf\u00e4lle mit unsicheren Batterien reduzieren l\u00e4sst.<\/p>\n<p>Diese Batterien sind inh\u00e4rent extrem komplex, sagte Carl Wang von UL, einer von vielen UL Forschern, dessen Arbeit der Sicherheitswissenschaft f\u00fcr LiB-Technologie gewidmet ist. \u201eEs muss ein systematischer und wissenschaftlicher Ansatz her, um die Sicherheit von Lithium-Ionen-Batterie zu untersuchen\u201c, sagte Wang.<\/p>\n<p>Wang und sein Team sind auf die Materialwissenschaft f\u00fcr Lithium-Ionen-Batterien konzentriert. W\u00e4hrend andere UL-Teams einzelne Batterien auf die Einhaltung von Normen pr\u00fcfen, ist sein Team ganz allgemein auf das Verst\u00e4ndnis der umfassenden Sicherheitskonzepte f\u00fcr LiB konzentriert.<\/p>\n<p>\u201eWir f\u00fchren grundlegenden Studie zur Sicherheit von Lithium-Ionen-Batterien durch\u201c, sagte Wang. \u201eWir sehen uns an, warum eine Lithium-Ionen-Batterie ausf\u00e4llt.\u201c\u00a0\u00a0 Das UL Team erf\u00fcllt ein wichtiges Bed\u00fcrfnis auf dem Markt, denn solche Forschung ist teuer und aus Kostengr\u00fcnden verbietet es sich f\u00fcr viele Hersteller, diese Arbeiten auf eigene Faust durchzuf\u00fchren. \u201eWir verf\u00fcgen \u00fcber modernere Pr\u00fcf- und Analyseausr\u00fcstungen als viele Hersteller haben\u201c, sagte Wang. \u201eDadurch k\u00f6nnen wir ihnen helfen herauszufinden, warum eine Batterie versagt hat, und die m\u00f6glichen Sicherheitsrisiken ihrer Batterie bestimmen. Das hilft ihnen in ihrem gesamten Entwicklungsprozess.\u201c<\/p>\n<p>In vielerlei Hinsicht sieht der Prozess f\u00fcr diese Pr\u00fcfungen dem f\u00fcr die Pr\u00fcfungen zur Zertifizierung von Batterien f\u00fcr die Einhaltung von Normen sehr \u00e4hnlich. Das UL Team setzt die Batterie einer Reihe von Belastungstests aus und passt die Umweltbedingungen sowie die mechanischen und elektrischen Umgebungen so an, dass die Batterien analog zu ihren Einsatzgebieten belastet werden.<\/p>\n<p>Doch statt die Batterien mit einem Pass\/Fail-Bericht zu versehen, bem\u00fcht sich das UL Team, die m\u00f6glichen Ausfallmechanismen zu erkennen, so dass die Hersteller die M\u00f6glichkeit haben, den Entwicklungsprozess wieder aufzunehmen und Sicherheitsfunktionen in ihre Entw\u00fcrfe aufzunehmen.<\/p>\n<p>Die Nachfrage nach Lithium-Ionen-Batterien wird sich wahrscheinlich mit der Ausbreitung neuer Mobiltechnologien weiter steigern. Im Ergebnis werden die UL Teams ihre Spezialforschung fortsetzen, um die Sicherheit dieser wichtigen Energiequellen voranzutreiben.<\/p>\n<p>Wenn Sie mit einem Vertreter von UL \u00fcber unsere Arbeit mit Batterien sprechen oder mehr Informationen \u00fcber die Pr\u00fcfung von Lithium-Ionen-Batterien erfahren m\u00f6chten, besuchen Sie uns auf der <strong>HANNOVER MESSE 16 in Halle 9\/Stand H79 oder Halle 6\/Stand K01.<\/strong> Fordern Sie unter <strong>[E-MAIL F\u00dcR TERMINE HIER EINF\u00dcGEN]<\/strong> einen Termin an. Besuchen Sie uns online unter <a href=\"https:\/\/industries.ulstage.com\/consumer-technology\/batteries\">ul.com\/batteries<\/a> oder bitten Sie uns unter <a href=\"http:\/\/contact.ulstage.com\/contact-ul-energy\">contact.ulstage.com\/contact-ul-energy<\/a> um ein Dienstleistungsangebot.<\/p>\n","protected":false},"excerpt":{"rendered":"<p>https:\/\/www.ulstage.com\/wp-content\/themes\/countries\/img\/hannover-messe\/blog\/blogpost-03.jpg<\/p>\n","protected":false},"author":328,"featured_media":0,"parent":2003,"menu_order":0,"comment_status":"closed","ping_status":"open","template":"page-hanmesse-blogpost-de.php","meta":{"_acf_changed":false,"inline_featured_image":false,"footnotes":""},"class_list":["post-2065","page","type-page","status-publish","hentry"],"acf":[],"_links":{"self":[{"href":"https:\/\/germany.ul.com\/en\/wp-json\/wp\/v2\/pages\/2065","targetHints":{"allow":["GET"]}}],"collection":[{"href":"https:\/\/germany.ul.com\/en\/wp-json\/wp\/v2\/pages"}],"about":[{"href":"https:\/\/germany.ul.com\/en\/wp-json\/wp\/v2\/types\/page"}],"author":[{"embeddable":true,"href":"https:\/\/germany.ul.com\/en\/wp-json\/wp\/v2\/users\/328"}],"replies":[{"embeddable":true,"href":"https:\/\/germany.ul.com\/en\/wp-json\/wp\/v2\/comments?post=2065"}],"version-history":[{"count":0,"href":"https:\/\/germany.ul.com\/en\/wp-json\/wp\/v2\/pages\/2065\/revisions"}],"up":[{"embeddable":true,"href":"https:\/\/germany.ul.com\/en\/wp-json\/wp\/v2\/pages\/2003"}],"wp:attachment":[{"href":"https:\/\/germany.ul.com\/en\/wp-json\/wp\/v2\/media?parent=2065"}],"curies":[{"name":"wp","href":"https:\/\/api.w.org\/{rel}","templated":true}]}}